{"id":8,"date":"2025-10-29T04:58:56","date_gmt":"2025-10-29T04:58:56","guid":{"rendered":"https:\/\/enrolloregon.com\/?page_id=8"},"modified":"2025-10-30T14:51:40","modified_gmt":"2025-10-30T14:51:40","slug":"home","status":"publish","type":"page","link":"https:\/\/enrolloregon.com\/es\/","title":{"rendered":"Home"},"content":{"rendered":"<div data-elementor-type=\"wp-page\" data-elementor-id=\"8\" class=\"elementor elementor-8\" data-elementor-post-type=\"page\">\n\t\t\t\t<div class=\"elementor-element elementor-element-ba78cdc e-con-full e-flex e-con e-parent\" data-id=\"ba78cdc\" data-element_type=\"container\">\n\t\t\t\t<div class=\"elementor-element elementor-element-4283636 elementor--h-position-center elementor--v-position-middle elementor-arrows-position-inside elementor-widget elementor-widget-slides\" data-id=\"4283636\" data-element_type=\"widget\" data-settings=\"{&quot;navigation&quot;:&quot;arrows&quot;,&quot;autoplay&quot;:&quot;yes&quot;,&quot;pause_on_hover&quot;:&quot;yes&quot;,&quot;pause_on_interaction&quot;:&quot;yes&quot;,&quot;autoplay_speed&quot;:5000,&quot;infinite&quot;:&quot;yes&quot;,&quot;transition&quot;:&quot;slide&quot;,&quot;transition_speed&quot;:500}\" data-widget_type=\"slides.default\">\n\t\t\t\t\t\t\t\t\t\t<div class=\"elementor-slides-wrapper elementor-main-swiper swiper\" role=\"region\" aria-roledescription=\"carousel\" aria-label=\"Slides\" dir=\"ltr\" data-animation=\"\">\n\t\t\t\t<div class=\"swiper-wrapper elementor-slides\">\n\t\t\t\t\t\t\t\t\t\t<div class=\"elementor-repeater-item-1bd0802 swiper-slide\" role=\"group\" aria-roledescription=\"slide\"><div class=\"swiper-slide-bg\" role=\"img\" aria-label=\"Affordable_Health_Insurance\"><\/div><div class=\"swiper-slide-inner\" ><div class=\"swiper-slide-contents\"><div class=\"elementor-slide-heading\">Revisar opciones es m\u00e1s importante <br>que nunca<\/div><div class=\"elementor-slide-description\">La asistencia financiera del Mercado de Seguros M\u00e9dicos cambia para 2026.<br>\nDescubra cu\u00e1nto puede ahorrar, compare opciones y elija un plan f\u00e1cilmente. \n<\/div><div  class=\"elementor-button elementor-slide-button elementor-size-md\">\u00a1Inscr\u00edbete Ahora!<\/div><\/div><\/div><\/div><div class=\"elementor-repeater-item-30fb701 swiper-slide\" role=\"group\" aria-roledescription=\"slide\"><div class=\"swiper-slide-bg\" role=\"img\" aria-label=\"Health_Insurance_Made_Easy\"><\/div><div class=\"swiper-slide-inner\" ><div class=\"swiper-slide-contents\"><div class=\"elementor-slide-heading\">Seguro de Salud F\u00e1cil<\/div><div class=\"elementor-slide-description\">Como su agente de seguros independiente local, creo que inscribirse en un seguro m\u00e9dico no deber\u00eda ser dif\u00edcil. <br>Compare sus opciones, elija su plan y siga adelante con su vida. <br>\u00a1Inscr\u00edbase para 2026 en minutos!\n\n<\/div><div  class=\"elementor-button elementor-slide-button elementor-size-md\">\u00a1Inscr\u00edbete!<\/div><\/div><\/div><\/div><div class=\"elementor-repeater-item-f7de953 swiper-slide\" role=\"group\" aria-roledescription=\"slide\"><div class=\"swiper-slide-bg\" role=\"img\" aria-label=\"Get_Covered_Today\"><\/div><div class=\"swiper-slide-inner\" ><div class=\"swiper-slide-contents\"><div class=\"elementor-slide-heading\">Ya estas ocupado...<\/div><div class=\"elementor-slide-description\">As\u00ed que gestione su seguro m\u00e9dico para 2026 de forma r\u00e1pida y sencilla.<br>\n\u00a1Sin complicaciones, sin solicitudes complicadas, sin citas!<br>\nCompare planes, encuentre ahorros e inscr\u00edbase en minutos!\n\n<\/div><div  class=\"elementor-button elementor-slide-button elementor-size-md\">\u00a1Inscr\u00edbete!<\/div><\/div><\/div><\/div>\t\t\t\t<\/div>\n\t\t\t\t\t\t\t\t\t\t\t\t\t\t\t<div class=\"elementor-swiper-button elementor-swiper-button-prev\" role=\"button\" tabindex=\"0\" aria-label=\"Previous slide\">\n\t\t\t\t\t\t\t<svg aria-hidden=\"true\" class=\"e-font-icon-svg e-eicon-chevron-left\" viewbox=\"0 0 1000 1000\" xmlns=\"http:\/\/www.w3.org\/2000\/svg\"><path d=\"M646 125C629 125 613 133 604 142L308 442C296 454 292 471 292 487 292 504 296 521 308 533L604 854C617 867 629 875 646 875 663 875 679 871 692 858 704 846 713 829 713 812 713 796 708 779 692 767L438 487 692 225C700 217 708 204 708 187 708 171 704 154 692 142 675 129 663 125 646 125Z\"><\/path><\/svg>\t\t\t\t\t\t<\/div>\n\t\t\t\t\t\t<div class=\"elementor-swiper-button elementor-swiper-button-next\" role=\"button\" tabindex=\"0\" aria-label=\"Next slide\">\n\t\t\t\t\t\t\t<svg aria-hidden=\"true\" class=\"e-font-icon-svg e-eicon-chevron-right\" viewbox=\"0 0 1000 1000\" xmlns=\"http:\/\/www.w3.org\/2000\/svg\"><path d=\"M696 533C708 521 713 504 713 487 713 471 708 454 696 446L400 146C388 133 375 125 354 125 338 125 325 129 313 142 300 154 292 171 292 187 292 204 296 221 308 233L563 492 304 771C292 783 288 800 288 817 288 833 296 850 308 863 321 871 338 875 354 875 371 875 388 867 400 854L696 533Z\"><\/path><\/svg>\t\t\t\t\t\t<\/div>\n\t\t\t\t\t\t\t\t\t\t\t\t\t\t\t\t\t<\/div>\n\t\t\t\t\t\t\t\t<\/div>\n\t\t\t\t<\/div>\n\t\t\t\t<\/div>","protected":false},"excerpt":{"rendered":"<p>Reviewing options is more important than ever!Financial assistance in the Health Insurance Marketplace is changing in 2026. Find out how much you can save, compare options, and easily choose a plan. Sign up now!Easy Health InsuranceAs your local Independent Insurance Agent, I don&#8217;t think it should be hard to enroll in Health Insurance. Compare your [&hellip;]<\/p>","protected":false},"author":1,"featured_media":0,"parent":0,"menu_order":0,"comment_status":"closed","ping_status":"closed","template":"elementor_header_footer","meta":{"footnotes":""},"class_list":["post-8","page","type-page","status-publish","hentry"],"yoast_head":"<!-- This site is optimized with the Yoast SEO plugin v26.2 - https:\/\/yoast.com\/wordpress\/plugins\/seo\/ -->\n<title>Oregon Health Insurance that&#039;s affordable - Get Covered today!<\/title>\n<meta name=\"description\" content=\"Oregon health insurance that&#039;s affordable. Compare Obamacare plans and get covered in minutes!\" \/>\n<meta name=\"robots\" content=\"index, follow, max-snippet:-1, max-image-preview:large, max-video-preview:-1\" \/>\n<link rel=\"canonical\" href=\"https:\/\/enrolloregon.com\/es\/\" \/>\n<meta property=\"og:locale\" content=\"es_ES\" \/>\n<meta property=\"og:type\" content=\"article\" \/>\n<meta property=\"og:title\" content=\"Oregon Health Insurance that&#039;s affordable - Get Covered today!\" \/>\n<meta property=\"og:description\" content=\"Oregon health insurance that&#039;s affordable. Compare Obamacare plans and get covered in minutes!\" \/>\n<meta property=\"og:url\" content=\"https:\/\/enrolloregon.com\/es\/\" \/>\n<meta property=\"og:site_name\" content=\"Oregon Health Insurance that&#039;s affordable\" \/>\n<meta property=\"article:modified_time\" content=\"2025-10-30T14:51:40+00:00\" \/>\n<meta name=\"twitter:card\" content=\"summary_large_image\" \/>\n<meta name=\"twitter:label1\" content=\"Tiempo de lectura\" \/>\n\t<meta name=\"twitter:data1\" content=\"1 minuto\" \/>\n<script type=\"application\/ld+json\" class=\"yoast-schema-graph\">{\"@context\":\"https:\/\/schema.org\",\"@graph\":[{\"@type\":\"WebPage\",\"@id\":\"https:\/\/enrolloregon.com\/\",\"url\":\"https:\/\/enrolloregon.com\/\",\"name\":\"Oregon Health Insurance that's affordable - Get Covered today!\",\"isPartOf\":{\"@id\":\"https:\/\/enrolloregon.com\/#website\"},\"datePublished\":\"2025-10-29T04:58:56+00:00\",\"dateModified\":\"2025-10-30T14:51:40+00:00\",\"description\":\"Oregon health insurance that's affordable. Compare Obamacare plans and get covered in minutes!\",\"breadcrumb\":{\"@id\":\"https:\/\/enrolloregon.com\/#breadcrumb\"},\"inLanguage\":\"es\",\"potentialAction\":[{\"@type\":\"ReadAction\",\"target\":[\"https:\/\/enrolloregon.com\/\"]}]},{\"@type\":\"BreadcrumbList\",\"@id\":\"https:\/\/enrolloregon.com\/#breadcrumb\",\"itemListElement\":[{\"@type\":\"ListItem\",\"position\":1,\"name\":\"Home\",\"item\":\"https:\/\/enrolloregon.com\/\"},{\"@type\":\"ListItem\",\"position\":2,\"name\":\"Home\"}]},{\"@type\":\"WebSite\",\"@id\":\"https:\/\/enrolloregon.com\/#website\",\"url\":\"https:\/\/enrolloregon.com\/\",\"name\":\"Oregon Health Insurance that&#039;s affordable\",\"description\":\"Get Covered today!\",\"potentialAction\":[{\"@type\":\"SearchAction\",\"target\":{\"@type\":\"EntryPoint\",\"urlTemplate\":\"https:\/\/enrolloregon.com\/?s={search_term_string}\"},\"query-input\":{\"@type\":\"PropertyValueSpecification\",\"valueRequired\":true,\"valueName\":\"search_term_string\"}}],\"inLanguage\":\"es\"}]}<\/script>\n<!-- \/ Yoast SEO plugin. -->","yoast_head_json":{"title":"Enroll Oregon - Planes de Seguro de Salud Asequibles en Oregon.","description":"Seguro de salud asequible para Oregon. Planes del mercado de seguros con ayuda financiera.","robots":{"index":"index","follow":"follow","max-snippet":"max-snippet:-1","max-image-preview":"max-image-preview:large","max-video-preview":"max-video-preview:-1"},"canonical":"https:\/\/enrolloregon.com\/es\/","og_locale":"es_ES","og_type":"article","og_title":"Oregon Health Insurance that's affordable - Get Covered today!","og_description":"Oregon health insurance that's affordable. Compare Obamacare plans and get covered in minutes!","og_url":"https:\/\/enrolloregon.com\/es\/","og_site_name":"Oregon Health Insurance that&#039;s affordable","article_modified_time":"2025-10-30T14:51:40+00:00","twitter_card":"summary_large_image","twitter_misc":{"Tiempo de lectura":"1 minuto"},"schema":{"@context":"https:\/\/schema.org","@graph":[{"@type":"WebPage","@id":"https:\/\/enrolloregon.com\/","url":"https:\/\/enrolloregon.com\/","name":"Enroll Oregon - Planes de Seguro de Salud Asequibles en Oregon.","isPartOf":{"@id":"https:\/\/enrolloregon.com\/#website"},"datePublished":"2025-10-29T04:58:56+00:00","dateModified":"2025-10-30T14:51:40+00:00","description":"Seguro de salud asequible para Oregon. Planes del mercado de seguros con ayuda financiera.","breadcrumb":{"@id":"https:\/\/enrolloregon.com\/#breadcrumb"},"inLanguage":"es","potentialAction":[{"@type":"ReadAction","target":["https:\/\/enrolloregon.com\/"]}]},{"@type":"BreadcrumbList","@id":"https:\/\/enrolloregon.com\/#breadcrumb","itemListElement":[{"@type":"ListItem","position":1,"name":"Home","item":"https:\/\/enrolloregon.com\/"},{"@type":"ListItem","position":2,"name":"Home"}]},{"@type":"WebSite","@id":"https:\/\/enrolloregon.com\/#website","url":"https:\/\/enrolloregon.com\/","name":"Oregon Health Insurance that&#039;s affordable","description":"Get Covered today!","potentialAction":[{"@type":"SearchAction","target":{"@type":"EntryPoint","urlTemplate":"https:\/\/enrolloregon.com\/?s={search_term_string}"},"query-input":{"@type":"PropertyValueSpecification","valueRequired":true,"valueName":"search_term_string"}}],"inLanguage":"es"}]}},"_links":{"self":[{"href":"https:\/\/enrolloregon.com\/es\/wp-json\/wp\/v2\/pages\/8","targetHints":{"allow":["GET"]}}],"collection":[{"href":"https:\/\/enrolloregon.com\/es\/wp-json\/wp\/v2\/pages"}],"about":[{"href":"https:\/\/enrolloregon.com\/es\/wp-json\/wp\/v2\/types\/page"}],"author":[{"embeddable":true,"href":"https:\/\/enrolloregon.com\/es\/wp-json\/wp\/v2\/users\/1"}],"replies":[{"embeddable":true,"href":"https:\/\/enrolloregon.com\/es\/wp-json\/wp\/v2\/comments?post=8"}],"version-history":[{"count":224,"href":"https:\/\/enrolloregon.com\/es\/wp-json\/wp\/v2\/pages\/8\/revisions"}],"predecessor-version":[{"id":417,"href":"https:\/\/enrolloregon.com\/es\/wp-json\/wp\/v2\/pages\/8\/revisions\/417"}],"wp:attachment":[{"href":"https:\/\/enrolloregon.com\/es\/wp-json\/wp\/v2\/media?parent=8"}],"curies":[{"name":"wp","href":"https:\/\/api.w.org\/{rel}","templated":true}]}}